{"id":992,"date":"2025-11-04T11:21:26","date_gmt":"2025-11-04T11:21:26","guid":{"rendered":"https:\/\/asfin.ase.ro\/?page_id=992"},"modified":"2025-12-03T12:28:32","modified_gmt":"2025-12-03T12:28:32","slug":"992-2","status":"publish","type":"page","link":"https:\/\/asfin.ase.ro\/?page_id=992","title":{"rendered":"\u00a0\ud83d\udcc8 FABBV Investment Society \ud83d\udcc8"},"content":{"rendered":"\n<section id=\"section-a781501a-3bbd-4ac9-a1dc-4e04c30ed1ee\" class=\"wp-block-gutentor-image-slider alignfull gutentor-section gutentor-image-slider imageSlider-template1 has-gutentor-block-shape-bottom g-pos-d-desktop g-pos-d-tablet g-pos-d-mobile fullwidth-outside\"><div class=\"gutentor-grid-item-wrap\"><div class=\"gutentor-slider-wrapper\" data-dots=\"true\" data-arrows=\"true\" data-infinite=\"true\" data-nextarrow=\"fas fa-angle-right\" data-prevarrow=\"fas fa-angle-left\" data-autoplay=\"true\" data-autoplayspeed=\"5000\" data-fade=\"true\" data-speed=\"1500\"><div class=\"gutentor-slider-item\"><div class=\"gutentor-single-item gutentor-single-item-0\"><div class=\"gutentor-single-item-wrap\"><div class=\"gutentor-single-item-image-box\"><div class=\"gutentor-bg-image\"><div class=\"overlay\"><\/div><\/div><\/div><div class=\"gutentor-single-item-content\"><div class=\"grid-container\"><div class=\"slider-caption text-left\"><h2 class=\"gutentor-single-item-title\">FABBV Investment Society<\/h2><p class=\"gutentor-single-item-desc\"><strong>Un proiect dedicat pasiona\u021bilor de pie\u021be financiare, investi\u021bii \u0219i educa\u021bie economic\u0103 aplicat\u0103<\/strong><\/p><\/div><\/div><\/div><\/div><\/div><\/div><div class=\"gutentor-slider-item\"><div class=\"gutentor-single-item gutentor-single-item-1\"><div class=\"gutentor-single-item-wrap\"><div class=\"gutentor-single-item-image-box\"><div class=\"gutentor-bg-image\"><div class=\"overlay\"><\/div><\/div><\/div><div class=\"gutentor-single-item-content\"><div class=\"grid-container\"><div class=\"slider-caption text-left\"><h2 class=\"gutentor-single-item-title\">Build Value<br>Shape Tomorrow<\/h2><p class=\"gutentor-single-item-desc\">          <strong> Fii parte din debutul unei comunit\u0103\u021bi care \u00eembin\u0103 pasiunea <br>pentru finan\u021be cu dorin\u021ba de a face totul\u00a0s\u0103\u00a0se\u00a0\u00eent\u00e2mple!<\/strong><\/p><\/div><\/div><\/div><\/div><\/div><\/div><\/div><\/div><div class=\"gutentor-block-shape-bottom\"><span><svg xmlns=\"http:\/\/www.w3.org\/2000\/svg\" viewBox=\"0 0 1000 84.94\" preserveAspectRatio=\"none\"><path d=\"M0,0V72.94c14.46,5.89,32.38,10.5,54.52.26,110.25-51,120.51,23.71,192.6-4.3,144.73-56.23,154.37,49.44,246.71,4.64C637,4.05,622.19,124.16,757.29,66.21c93-39.91,108.38,54.92,242.71-8.25V0Z\" style=\"opacity:0.33\"><\/path><path d=\"M0,0V52.83c131.11,59.9,147-32.91,239.24,6.65,135.09,58,120.24-62.16,263.46,7.34,92.33,44.8,102-60.88,246.71-4.64,72.1,28,82.35-46.71,192.6,4.3,23.95,11.08,43,4.78,58-1.72V0Z\" style=\"opacity:0.66\"><\/path><path d=\"M0,0V24.26c15.6,6.95,35.77,15.41,61.78,3.38,110.25-51,120.51,23.71,192.6-4.3C399.11-32.89,408.75,72.79,501.08,28,644.3-41.51,629.45,78.6,764.54,20.65,855.87-18.53,872.34,72.12,1000,15.7V0Z\"><\/path><\/svg><\/span><\/div><\/section>\n\n\n<a class=\"guten-button guten-button-md\" href=\"http:\/\/eepurl.com\/jqMjtE\"><span>Abonare Newsletter ASFIN<\/span><\/a>\n\n\n<section id=\"section-f972b32d-88d4-4bcc-a0c1-ac09e13aef03\" class=\"wp-block-gutentor-icon-box gutentor-section gutentor-icon-wrapper icon-template1 has-color-bg has-custom-bg\"><div class=\"grid-container\"><div class=\"grid-row gutentor-grid-item-wrap\"><div class=\"gutentor-grid-column grid-lg-4 grid-md-4 grid-12\"><div class=\"gutentor-single-item gutentor-icon gutentor-single-item-0\"><div class=\"gutentor-single-item-wrap\"><div class=\"gutentor-single-item-icon-box\"><i class=\"fas fa-chart-line\"><\/i><\/div><div class=\"gutentor-single-item-content\"><h4 class=\"gutentor-single-item-title\"><strong>Financial Analysis Training<\/strong> <\/h4><p class=\"gutentor-single-item-desc\">Dezvolt\u0103-\u021bi abilit\u0103\u021bile de analiz\u0103 financiar\u0103 prin evaluarea companiilor listate la Bursa de Valori Bucure\u0219ti. \u00cenva\u021b\u0103 s\u0103 interpretezi rapoarte, indicatori de risc \u0219i randament exact ca un profesionist.<\/p><\/div><\/div><\/div><\/div><div class=\"gutentor-grid-column grid-lg-4 grid-md-4 grid-12\"><div class=\"gutentor-single-item gutentor-icon gutentor-single-item-1\"><div class=\"gutentor-single-item-wrap\"><div class=\"gutentor-single-item-icon-box\"><i class=\"fas fa-suitcase\"><\/i><\/div><div class=\"gutentor-single-item-content\"><h4 class=\"gutentor-single-item-title\">Investment Decision Simulation<\/h4><p class=\"gutentor-single-item-desc\">Experimenteaz\u0103 procesul real de administrare a unui portofoliu. Particip\u0103 \u00een echipa de analiz\u0103 sau cea de investi\u021bii \u0219i descoper\u0103 cum se iau deciziile strategice \u00eentr-un fond institu\u021bional.<\/p><\/div><\/div><\/div><\/div><div class=\"gutentor-grid-column grid-lg-4 grid-md-4 grid-12\"><div class=\"gutentor-single-item gutentor-icon gutentor-single-item-2\"><div class=\"gutentor-single-item-wrap\"><div class=\"gutentor-single-item-icon-box\"><i class=\"fas fa-handshake\"><\/i><\/div><div class=\"gutentor-single-item-content\"><h4 class=\"gutentor-single-item-title\">Networking &amp; Mentorship <\/h4><p class=\"gutentor-single-item-desc\">Conecteaz\u0103-te cu profesioni\u0219ti din pia\u021ba de capital, particip\u0103 la evenimente educa\u021bionale \u0219i dezvolt\u0103-\u021bi o re\u021bea valoroas\u0103 de contacte pentru cariera ta \u00een finan\u021be.<\/p><\/div><\/div><\/div><\/div><\/div><\/div><\/section>\n\n\n\n<section id=\"section-19892909-0144-4e30-90ac-252fb38d1221\" class=\"wp-block-gutentor-about-block gutentor-section gutentor-about about-template4 has-color-bg has-custom-bg\"><div class=\"grid-container\"><div class=\"gutentor-grid-item-wrap\"><div class=\"gutentor-single-item\"><div class=\"grid-row\"><div class=\"grid-md-6 about-grid\"><div class=\"gutentor-single-item-content\"><div class=\"gutentor-about-content\"><h3 class=\"gutentor-single-item-title\">\u00cenva\u021b\u0103. Analizeaz\u0103. Investe\u0219te.<\/h3><p class=\"gutentor-single-item-desc\"><strong>FABBV Investment Society<\/strong> este o ini\u021biativ\u0103 educa\u021bional\u0103 destinat\u0103 studen\u021bilor Facult\u0103\u021bii de Finan\u021be, Asigur\u0103ri, B\u0103nci \u0219i Burse de Valori, pasiona\u021bi de domeniul pie\u021belor financiare. Prin simularea unui fond de investi\u021bii bazat pe companiile incluse \u00een indicele BET-BK, membrii \u00ee\u0219i dezvolt\u0103 competen\u021bele practice de analiz\u0103 financiar\u0103 \u0219i administrare a portofoliilor.<br><br>Proiectul ofer\u0103 un cadru autentic de \u00eenv\u0103\u021bare aplicat\u0103, \u00een care teoria financiar\u0103 se transform\u0103 \u00een practic\u0103, iar cuno\u0219tin\u021bele dob\u00e2ndite se \u00eempletesc cu experien\u021ba real\u0103 a procesului decizional investi\u021bional.<\/p><\/div><\/div><\/div><div class=\"grid-md-6 about-grid\"><div class=\"gutentor-single-item-image-box\"><div class=\"gutentor-image-thumb\"><img fetchpriority=\"high\" decoding=\"async\" class=\"normal-image\" src=\"https:\/\/asfin.ase.ro\/wp-content\/uploads\/2025\/11\/Screenshot-2025-11-04-121120-1.jpg\" alt=\"\" height=\"589\" width=\"896\" \/><\/div><\/div><\/div><\/div><\/div><\/div><\/div><\/section>\n\n\n\n<hr class=\"wp-block-separator has-alpha-channel-opacity\"\/>\n\n\n\n<section id=\"section-g-1eneegq\" class=\"wp-block-gutentor-timeline alignwide gutentor-section gutentor-timeline cssanimations timeline-template1\"><div class=\"grid-container\"><div class=\"gutentor-block-header\"><div class=\"gutentor-section-title enable-title-design seperator-bottom text-center\"><h2 class=\"gutentor-title\">\ud835\uddd6\ud835\uddee\ud835\uddf9\ud835\uddf2\ud835\uddfb\ud835\uddf1\ud835\uddee\ud835\uddff\ud835\ude02\ud835\uddf9 \ud835\uddd9\ud835\uddd4\ud835\uddd5\ud835\uddd5\ud835\udde9 \ud835\udddc\ud835\udde6<\/h2><\/div><\/div><div class=\"gutentor-grid-item-wrap\"><div class=\"gutentor-timeline-wrapper\"><div class=\"gutentor-single-item gutentor-single-item-0 gutentor-even\"><div class=\"gutentor-timeline-item\"><div class=\"gutentor-single-item-wrap\"><div class=\"gutentor-timeline-item-circle\"><\/div><div class=\"gutentor-single-item-wrapper\"><div class=\"gutentor-single-item-content gutentor-timeline-item-content\"><div class=\"gutentor-timeline-item-org-title\"><h5 class=\"gutentor-timeline-item-heading-name\">3 noiembrie 2025<\/h5><h5 class=\"gutentor-timeline-item-duration\"><\/h5><\/div><h3 class=\"gutentor-single-item-title\">Lansare FABBV Investment Society  <\/h3><p class=\"gutentor-single-item-desc\">Lansarea oficial\u0103 a \ud835\udc05\ud835\udc00\ud835\udc01\ud835\udc01\ud835\udc15 \ud835\udc08\ud835\udc27\ud835\udc2f\ud835\udc1e\ud835\udc2c\ud835\udc2d\ud835\udc26\ud835\udc1e\ud835\udc27\ud835\udc2d \ud835\udc12\ud835\udc28\ud835\udc1c\ud835\udc22\ud835\udc1e\ud835\udc2d\ud835\udc32, un nou proiect dedicat pasiona\u021bilor de pie\u021be financiare, investi\u021bii \u0219i educa\u021bie economic\u0103 aplicat\u0103.<br><br><img decoding=\"async\" height=\"16\" width=\"16\" src=\"https:\/\/static.xx.fbcdn.net\/images\/emoji.php\/v9\/td\/1\/16\/1f4bc.png\" alt=\"\ud83d\udcbc\"> Evenimentul \u00eei are ca invita\u021bi speciali pe:<br><img decoding=\"async\" height=\"16\" width=\"16\" src=\"https:\/\/static.xx.fbcdn.net\/images\/emoji.php\/v9\/tf3\/1\/16\/1f539.png\" alt=\"\ud83d\udd39\"> \ud835\udc0c\ud835\udc22\ud835\udc21\ud835\udc1a\ud835\udc22 \ud835\udc0f\ud835\udc2e\ud835\udc2b\ud835\udc1c\ud835\udc1a\u0306\ud835\udc2b\ud835\udc1e\ud835\udc1a \u2013 \ud835\udc02\ud835\udc04\ud835\udc0e \ud835\udc1a\ud835\udc25 \ud835\udc01\ud835\udc11\ud835\udc03 \ud835\udc00\ud835\udc2c\ud835\udc2c\ud835\udc1e\ud835\udc2d \ud835\udc0c\ud835\udc1a\ud835\udc27\ud835\udc1a\ud835\udc20\ud835\udc1e\ud835\udc26\ud835\udc1e\ud835\udc27\ud835\udc2d, CFA charterholder \u0219i membru \u00een Consiliul Director al CFA Society Romania.<br><img decoding=\"async\" height=\"16\" width=\"16\" src=\"https:\/\/static.xx.fbcdn.net\/images\/emoji.php\/v9\/tf3\/1\/16\/1f539.png\" alt=\"\ud83d\udd39\"> \ud835\udc0c\ud835\udc22\ud835\udc21\ud835\udc27\ud835\udc1e\ud835\udc1a \ud835\udc01\ud835\udc1a\u0306\ud835\udc2b\ud835\udc1b\ud835\udc2e\ud835\udc25\ud835\udc1e\ud835\udc2c\ud835\udc1c\ud835\udc2e \u2013 \ud835\udc03\ud835\udc22\ud835\udc2b\ud835\udc1e\ud835\udc1c\ud835\udc2d\ud835\udc28\ud835\udc2b \ud835\udc04\ud835\udc31\ud835\udc1e\ud835\udc1c\ud835\udc2e\ud835\udc2d\ud835\udc22\ud835\udc2f \ud835\udc1a\ud835\udc25 \ud835\udc04\ud835\udc2b\ud835\udc2c\ud835\udc2d\ud835\udc1e \ud835\udc00\ud835\udc2c\ud835\udc2c\ud835\udc1e\ud835\udc2d \ud835\udc0c\ud835\udc1a\ud835\udc27\ud835\udc1a\ud835\udc20\ud835\udc1e\ud835\udc26\ud835\udc1e\ud835\udc27\ud835\udc2d \ud835\udc11\ud835\udc28\ud835\udc26\ud835\udc1a\u0302\ud835\udc27\ud835\udc22\ud835\udc1a, unul dintre cei mai mari administratori de fonduri de investi\u021bii din \u021bar\u0103. Cu o experien\u021b\u0103 de peste 25 de ani \u00een domeniul financiar, Mihnea a ocupat pozi\u021bii de conducere \u00een numeroase institu\u021bii de prestigiu.<br><br><img loading=\"lazy\" decoding=\"async\" height=\"16\" width=\"16\" src=\"https:\/\/static.xx.fbcdn.net\/images\/emoji.php\/v9\/t1\/1\/16\/1f4c8.png\" alt=\"\ud83d\udcc8\"> Al\u0103tur\u0103-te pentru o discu\u021bie autentic\u0103 despre pie\u021be financiare, strategii investi\u021bionale \u0219i parcursul profesional \u00een lumea investi\u021biilor.<br><br><img loading=\"lazy\" decoding=\"async\" height=\"16\" width=\"16\" src=\"https:\/\/static.xx.fbcdn.net\/images\/emoji.php\/v9\/t7e\/1\/16\/1f4c5.png\" alt=\"\ud83d\udcc5\"> \ud835\udfd1 \ud835\udc27\ud835\udc28\ud835\udc22\ud835\udc1e\ud835\udc26\ud835\udc1b\ud835\udc2b\ud835\udc22\ud835\udc1e | <img loading=\"lazy\" decoding=\"async\" height=\"16\" width=\"16\" src=\"https:\/\/static.xx.fbcdn.net\/images\/emoji.php\/v9\/t34\/1\/16\/23f0.png\" alt=\"\u23f0\"> \ud835\udc0e\ud835\udc2b\ud835\udc1a \ud835\udfcf\ud835\udfd6:\ud835\udfce\ud835\udfce | <img loading=\"lazy\" decoding=\"async\" height=\"16\" width=\"16\" src=\"https:\/\/static.xx.fbcdn.net\/images\/emoji.php\/v9\/t2d\/1\/16\/1f4cd.png\" alt=\"\ud83d\udccd\"> \ud835\udc12\ud835\udc1a\ud835\udc25\ud835\udc1a \ud835\udfd1\ud835\udc0c\ud835\udfd1<\/p><\/div><\/div><\/div><\/div><\/div><div class=\"gutentor-single-item gutentor-single-item-1 gutentor-odd\"><div class=\"gutentor-timeline-item\"><div class=\"gutentor-single-item-wrap\"><div class=\"gutentor-timeline-item-circle\"><\/div><div class=\"gutentor-single-item-wrapper\"><div class=\"gutentor-single-item-content gutentor-timeline-item-content\"><div class=\"gutentor-timeline-item-org-title\"><h5 class=\"gutentor-timeline-item-heading-name\">3-9 noiembrie 2025<\/h5><h5 class=\"gutentor-timeline-item-duration\"><\/h5><\/div><h3 class=\"gutentor-single-item-title\">\u00censcrieri <\/h3><p class=\"gutentor-single-item-desc\">Completeaz\u0103 formularul \u0219i \u00eencarc\u0103 documentele <a href=\"https:\/\/forms.gle\/dt5858t8evf8CKBT8\" target=\"_blank\" rel=\"noreferrer noopener\">aici&#8230;<\/a><\/p><\/div><\/div><\/div><\/div><\/div><div class=\"gutentor-single-item gutentor-single-item-2 gutentor-even\"><div class=\"gutentor-timeline-item\"><div class=\"gutentor-single-item-wrap\"><div class=\"gutentor-timeline-item-circle\"><\/div><div class=\"gutentor-single-item-wrapper\"><div class=\"gutentor-single-item-content gutentor-timeline-item-content\"><div class=\"gutentor-timeline-item-org-title\"><h5 class=\"gutentor-timeline-item-heading-name\">11 decembrie 2025<\/h5><h5 class=\"gutentor-timeline-item-duration\"><\/h5><\/div><h3 class=\"gutentor-single-item-title\">Romania\u2019s Macro Outlook: What\u2019s Next?<\/h3><p class=\"gutentor-single-item-desc\">Investment Society te invit\u0103 pe <strong>11 decembrie<\/strong>, de la <strong>ora 18:30<\/strong>, la o discu\u021bie special\u0103 al\u0103turi de <strong>\u0218tefan Posea<\/strong>!<br>Vom explora \u00eempreun\u0103 tabloul macroeconomic actual \u0219i vom analiza perspectivele economice ale Rom\u00e2niei, \u00eentr-un format accesibil, interactiv \u0219i relevant pentru oricine \u00ee\u0219i dore\u0219te s\u0103 \u00een\u021beleag\u0103 mai bine contextul economic \u00een care tr\u0103im.<\/p><\/div><\/div><\/div><\/div><\/div><\/div><\/div><\/div><\/section>\n\n\n\n<section id=\"section-27edf140-edfa-4929-a26d-f6166afa0b38\" class=\"wp-block-gutentor-call-to-action gutentor-section  gutentor-calltoaction call-to-action-template1 has-image-bg has-custom-bg has-gutentor-overlay\"><div class=\"grid-container\"><div class=\"gutentor-grid-item-wrap\"><div class=\"gutentor-single-item\"><div class=\"gutentor-single-item-content\"><h2 class=\"gutentor-single-item-title\">Vrei s\u0103 transformi pasiunea pentru finan\u021be \u00een experien\u021b\u0103 real\u0103? Acum e momentul!<\/h2><div class=\"gutentor-single-item-desc\"><p class=\"gutentor-single-item-desc\"><strong> Intr\u0103 \u00een universul investi\u021biilor \u0219i arat\u0103-ne c\u0103 ai instinctul unui viitor investitor de top!<\/strong><\/p><\/div><div class=\"gutentor-button-group\"><\/div><\/div><\/div><\/div><\/div><\/section>\n\n\n\n<div class=\"wp-block-columns is-layout-flex wp-container-core-columns-is-layout-9d6595d7 wp-block-columns-is-layout-flex\">\n<div class=\"wp-block-column is-layout-flow wp-block-column-is-layout-flow\"><\/div>\n<\/div>\n\n\n\n<p>&nbsp;<\/p>\n","protected":false},"excerpt":{"rendered":"<p>&nbsp;<\/p>\n","protected":false},"author":1,"featured_media":0,"parent":0,"menu_order":0,"comment_status":"closed","ping_status":"closed","template":"","meta":{"_editorskit_title_hidden":false,"_editorskit_reading_time":0,"_editorskit_is_block_options_detached":false,"_editorskit_block_options_position":"{}","footnotes":""},"class_list":["post-992","page","type-page","status-publish","hentry"],"_links":{"self":[{"href":"https:\/\/asfin.ase.ro\/index.php?rest_route=\/wp\/v2\/pages\/992","targetHints":{"allow":["GET"]}}],"collection":[{"href":"https:\/\/asfin.ase.ro\/index.php?rest_route=\/wp\/v2\/pages"}],"about":[{"href":"https:\/\/asfin.ase.ro\/index.php?rest_route=\/wp\/v2\/types\/page"}],"author":[{"embeddable":true,"href":"https:\/\/asfin.ase.ro\/index.php?rest_route=\/wp\/v2\/users\/1"}],"replies":[{"embeddable":true,"href":"https:\/\/asfin.ase.ro\/index.php?rest_route=%2Fwp%2Fv2%2Fcomments&post=992"}],"version-history":[{"count":48,"href":"https:\/\/asfin.ase.ro\/index.php?rest_route=\/wp\/v2\/pages\/992\/revisions"}],"predecessor-version":[{"id":1093,"href":"https:\/\/asfin.ase.ro\/index.php?rest_route=\/wp\/v2\/pages\/992\/revisions\/1093"}],"wp:attachment":[{"href":"https:\/\/asfin.ase.ro\/index.php?rest_route=%2Fwp%2Fv2%2Fmedia&parent=992"}],"curies":[{"name":"wp","href":"https:\/\/api.w.org\/{rel}","templated":true}]}}