{"id":34,"date":"2024-09-16T07:27:24","date_gmt":"2024-09-16T07:27:24","guid":{"rendered":"https:\/\/asfin.ase.ro\/?page_id=34"},"modified":"2025-11-14T11:06:58","modified_gmt":"2025-11-14T11:06:58","slug":"proiecte","status":"publish","type":"page","link":"https:\/\/asfin.ase.ro\/?page_id=34","title":{"rendered":"Proiecte"},"content":{"rendered":"\n<div class=\"wp-block-group alignwide\"><div class=\"wp-block-group__inner-container is-layout-constrained wp-block-group-is-layout-constrained\">\n<section id=\"g-zqzhzqs\" class=\"alignwide section-g-zqzhzqs gutentor-module gutentor-module-accordion\"><div class=\"grid-container\">\n<div id=\"g-wttbjey\" class=\"wp-block-gutentor-m6-item section-g-wttbjey gutentor-module gutentor-module-accordion-item\"><div class=\"gutentor-module-accordion-panel g-a-panel-g-zqzhzqs\"><div class=\"gm-ah-g-zqzhzqs gutentor-module-accordion-item-heading gutentor-module-icon-position-right\"><span class=\"gutentor-module-accordion-panel-handler\" role=\"button\"><span class=\"gutentor-module-accordion-panel-handler-label\"><strong>FABBV Case Competition<\/strong><\/span><span class=\"gutentor-module-accordion-icon\"><i class=\"gm-aio-g-zqzhzqs gutentor-module-accordion-icon-open fas fa-plus\"><\/i><i class=\"gm-aic-g-zqzhzqs gutentor-module-accordion-icon-close fas fa-minus\"><\/i><\/span><\/span><\/div><div class=\"gm-ab-g-zqzhzqs gutentor-module-accordion-body\">\n<div id=\"section-g-jfye26j\" class=\"wp-block-gutentor-e0 section-g-jfye26j gutentor-element gutentor-element-advanced-text\"><div class=\"gutentor-text-wrap\"><p class=\"gutentor-text\">\u201e<em><strong>G\u00e2nde\u0219te ca un expert \u0219i livreaz\u0103 o analiz\u0103 de top<\/strong><\/em>\u201d<br><br>Ne angajam s\u0103 continu\u0103m \u0219i s\u0103 dezvolt\u0103m proiectele deja implementate \u00een cadrul Facult\u0103\u021bii de Finan\u021be, Asifur\u0103ri, B\u0103nci \u0219i Burse de Valori, contribuind astfel la succesul \u0219i progresul acestora. \u00cen acela\u0219i timp, ne propunem s\u0103 aducem noi concepte \u0219i idei inovatoare, pentru a r\u0103spunde mai bine nevoilor \u0219i a\u0219tept\u0103rilor studen\u021bilor. Prin aceast\u0103 abordare, ASFIN va sprijini at\u00e2t consolidarea ini\u021biativelor existente, c\u00e2t \u0219i crearea de oportunit\u0103\u021bi noi care s\u0103 \u00eembog\u0103\u021beasc\u0103 experien\u021ba academic\u0103 \u0219i profesional\u0103 a membrilor s\u0103i.<\/p><\/div><\/div>\n<\/div><\/div><\/div>\n\n\n\n<div id=\"g-8ly6dsy\" class=\"wp-block-gutentor-m6-item section-g-8ly6dsy gutentor-module gutentor-module-accordion-item\"><div class=\"gutentor-module-accordion-panel g-a-panel-g-zqzhzqs\"><div class=\"gm-ah-g-zqzhzqs gutentor-module-accordion-item-heading gutentor-module-icon-position-right\"><span class=\"gutentor-module-accordion-panel-handler\" role=\"button\"><span class=\"gutentor-module-accordion-panel-handler-label\"><strong>Inova\u021bie \u0219i digitalizare \u00een finan\u021be \u0219i banking<\/strong><\/span><span class=\"gutentor-module-accordion-icon\"><i class=\"gm-aio-g-zqzhzqs gutentor-module-accordion-icon-open fas fa-plus\"><\/i><i class=\"gm-aic-g-zqzhzqs gutentor-module-accordion-icon-close fas fa-minus\"><\/i><\/span><\/span><\/div><div class=\"gm-ab-g-zqzhzqs gutentor-module-accordion-body\">\n<div id=\"section-g-8se53jl\" class=\"wp-block-gutentor-e0 section-g-8se53jl gutentor-element gutentor-element-advanced-text\"><div class=\"gutentor-text-wrap\"><p class=\"gutentor-text\">O serie de workshopuri interactive g\u00e2ndite special pentru studen\u021bii curio\u0219i, pasiona\u021bi de tot ce \u00eenseamn\u0103 <strong>viitorul \u00een finan\u021be, tehnologie \u0219i banking<\/strong>.<br><br>\ud83d\udcca Al\u0103turi de invita\u021bi din mediul de business \u2013 profesioni\u0219ti care vin direct din \u201eteren\u201d \u2013 discut\u0103m despre <strong>inova\u021bie, digitalizare \u0219i cariere cu sens<\/strong>.<br><br><strong>Scopul<\/strong>? S\u0103 deschidem orizonturi. S\u0103 punem \u00eentreb\u0103ri bune. S\u0103 oferim r\u0103spunsuri reale. \u0218i, mai ales, s\u0103 inspir\u0103m studen\u021bii s\u0103-\u0219i contureze propriul drum \u00eentr-un domeniu aflat \u00een plin\u0103 transformare.<br><br>\ud83e\udde0 Fiecare eveniment reprezint\u0103 o ocazie de a \u00eenv\u0103\u021ba altfel: prin dialog, exemple din practic\u0103 \u0219i perspective fresh.<\/p><\/div><\/div>\n<\/div><\/div><\/div>\n\n\n\n<div id=\"g-wywip6i\" class=\"wp-block-gutentor-m6-item section-g-wywip6i gutentor-module gutentor-module-accordion-item\"><div class=\"gutentor-module-accordion-panel g-a-panel-g-zqzhzqs\"><div class=\"gm-ah-g-zqzhzqs gutentor-module-accordion-item-heading gutentor-module-icon-position-right\"><span class=\"gutentor-module-accordion-panel-handler\" role=\"button\"><span class=\"gutentor-module-accordion-panel-handler-label\"><strong>T\u00e2rgul locurilor de practic\u0103 FABBV<\/strong><\/span><span class=\"gutentor-module-accordion-icon\"><i class=\"gm-aio-g-zqzhzqs gutentor-module-accordion-icon-open fas fa-plus\"><\/i><i class=\"gm-aic-g-zqzhzqs gutentor-module-accordion-icon-close fas fa-minus\"><\/i><\/span><\/span><\/div><div class=\"gm-ab-g-zqzhzqs gutentor-module-accordion-body\">\n<div id=\"section-g-rkcxyvv\" class=\"wp-block-gutentor-e0 section-g-rkcxyvv gutentor-element gutentor-element-advanced-text\"><div class=\"gutentor-text-wrap\"><p class=\"gutentor-text\">\u201e<strong><em>Pa\u0219aport c\u0103tre succes<\/em><\/strong>\u201d <br><br>FABBV organizeaz\u0103, \u00eencep\u00e2nd cu anul 2022, T\u00e2rgul locurilor de practic\u0103, unde companiile partenere ale facult\u0103\u021bii \u00ee\u0219i prezint\u0103 oferta de locuri de practic\u0103 (\u00een domeniile: bancar, consultan\u021b\u0103, asigur\u0103ri \u0219i pia\u021ba de capital) pentru anul universitar \u00een curs. Po\u021bi discuta cu reprezentan\u021bii unit\u0103\u021bilor de practic\u0103 \u0219i po\u021bi aplica pentru un stagiu de practic\u0103.<\/p><\/div><\/div>\n<\/div><\/div><\/div>\n\n\n\n<div id=\"g-aki10jn\" class=\"wp-block-gutentor-m6-item section-g-aki10jn gutentor-module gutentor-module-accordion-item\"><div class=\"gutentor-module-accordion-panel g-a-panel-g-zqzhzqs\"><div class=\"gm-ah-g-zqzhzqs gutentor-module-accordion-item-heading gutentor-module-icon-position-right\"><span class=\"gutentor-module-accordion-panel-handler\" role=\"button\"><span class=\"gutentor-module-accordion-panel-handler-label\"><strong>Cupa FABBV<\/strong><\/span><span class=\"gutentor-module-accordion-icon\"><i class=\"gm-aio-g-zqzhzqs gutentor-module-accordion-icon-open fas fa-plus\"><\/i><i class=\"gm-aic-g-zqzhzqs gutentor-module-accordion-icon-close fas fa-minus\"><\/i><\/span><\/span><\/div><div class=\"gm-ab-g-zqzhzqs gutentor-module-accordion-body\">\n<div id=\"section-g-neasaep\" class=\"wp-block-gutentor-e0 section-g-neasaep gutentor-element gutentor-element-advanced-text\"><div class=\"gutentor-text-wrap\"><p class=\"gutentor-text\">\u201e<em><strong>Mai mult dec\u00e2t fotbal, mai mult dec\u00e2t competi\u021bie<\/strong><\/em>\u201d<br><br>Cupa FABBV este o competi\u021bie care testeaz\u0103 abilit\u0103\u021bile sportive ale studen\u021bilor \u00een sporturi precum fotbal, volei, baschet \u0219i multe altele. Evenimentul ofer\u0103 ocazia de a-\u021bi demonstra spiritul de echip\u0103, energia \u0219i talentul \u00eentr-o atmosfer\u0103 competitiv\u0103 \u0219i plin\u0103 de entuziasm. Este momentul perfect pentru a te implica activ, a lega noi prietenii \u0219i a concura pentru premii \u00eentr-un mediu sportiv \u0219i dinamic, dedicat studen\u021bilor pasiona\u021bi de mi\u0219care \u0219i fair-play.<\/p><\/div><\/div>\n<\/div><\/div><\/div>\n\n\n\n<div id=\"g-1hp1y1g\" class=\"wp-block-gutentor-m6-item section-g-1hp1y1g gutentor-module gutentor-module-accordion-item\"><div class=\"gutentor-module-accordion-panel g-a-panel-g-zqzhzqs\"><div class=\"gm-ah-g-zqzhzqs gutentor-module-accordion-item-heading gutentor-module-icon-position-right\"><span class=\"gutentor-module-accordion-panel-handler\" role=\"button\"><span class=\"gutentor-module-accordion-panel-handler-label\"><strong>Cupa Caterinc\u0103<\/strong><\/span><span class=\"gutentor-module-accordion-icon\"><i class=\"gm-aio-g-zqzhzqs gutentor-module-accordion-icon-open fas fa-plus\"><\/i><i class=\"gm-aic-g-zqzhzqs gutentor-module-accordion-icon-close fas fa-minus\"><\/i><\/span><\/span><\/div><div class=\"gm-ab-g-zqzhzqs gutentor-module-accordion-body\">\n<div id=\"section-g-gtgtf03\" class=\"wp-block-gutentor-e0 section-g-gtgtf03 gutentor-element gutentor-element-advanced-text\"><div class=\"gutentor-text-wrap\"><p class=\"gutentor-text\">Cupa Caterinc\u0103 este un eveniment studen\u021besc plin de energie \u0219i distrac\u021bie, unde colegii se \u00eentrec \u00een probe haioase. Echipele formate se dueleaz\u0103 \u00een diverse provoc\u0103ri, cum ar fi \u0219tafeta pachetului sau proba de funie vitez\u0103.. Evenimentul promite premii surpriz\u0103 \u0219i o atmosfer\u0103 de neuitat, fiind ocazia perfect\u0103 pentru a lega noi prietenii \u0219i a crea amintiri din studen\u021bie.<\/p><\/div><\/div>\n<\/div><\/div><\/div>\n<\/div><\/section>\n<\/div><\/div>\n","protected":false},"excerpt":{"rendered":"","protected":false},"author":1,"featured_media":0,"parent":0,"menu_order":0,"comment_status":"closed","ping_status":"closed","template":"","meta":{"_editorskit_title_hidden":false,"_editorskit_reading_time":0,"_editorskit_is_block_options_detached":false,"_editorskit_block_options_position":"{}","footnotes":""},"class_list":["post-34","page","type-page","status-publish","hentry"],"_links":{"self":[{"href":"https:\/\/asfin.ase.ro\/index.php?rest_route=\/wp\/v2\/pages\/34","targetHints":{"allow":["GET"]}}],"collection":[{"href":"https:\/\/asfin.ase.ro\/index.php?rest_route=\/wp\/v2\/pages"}],"about":[{"href":"https:\/\/asfin.ase.ro\/index.php?rest_route=\/wp\/v2\/types\/page"}],"author":[{"embeddable":true,"href":"https:\/\/asfin.ase.ro\/index.php?rest_route=\/wp\/v2\/users\/1"}],"replies":[{"embeddable":true,"href":"https:\/\/asfin.ase.ro\/index.php?rest_route=%2Fwp%2Fv2%2Fcomments&post=34"}],"version-history":[{"count":26,"href":"https:\/\/asfin.ase.ro\/index.php?rest_route=\/wp\/v2\/pages\/34\/revisions"}],"predecessor-version":[{"id":1082,"href":"https:\/\/asfin.ase.ro\/index.php?rest_route=\/wp\/v2\/pages\/34\/revisions\/1082"}],"wp:attachment":[{"href":"https:\/\/asfin.ase.ro\/index.php?rest_route=%2Fwp%2Fv2%2Fmedia&parent=34"}],"curies":[{"name":"wp","href":"https:\/\/api.w.org\/{rel}","templated":true}]}}