{"id":33,"date":"2024-09-16T07:27:24","date_gmt":"2024-09-16T07:27:24","guid":{"rendered":"https:\/\/asfin.ase.ro\/?page_id=33"},"modified":"2025-03-09T08:09:16","modified_gmt":"2025-03-09T08:09:16","slug":"departamente","status":"publish","type":"page","link":"https:\/\/asfin.ase.ro\/?page_id=33","title":{"rendered":"Board"},"content":{"rendered":"\n<p class=\"has-text-align-center\"><\/p>\n\n\n\n<p><\/p>\n\n\n\n<section id=\"section-g-sks0t0e\" class=\"wp-block-gutentor-team alignwide gutentor-section gutentor-team team-template1\"><div class=\"grid-container\"><div class=\"gutentor-block-header\"><div class=\"gutentor-section-title enable-title-design seperator-bottom text-center\"><h2 class=\"gutentor-title\">Fondatori<\/h2><\/div><\/div><div class=\"grid-row gutentor-grid-item-wrap\"><div class=\"gutentor-grid-column grid-lg-4 grid-md-4 grid-12\"><div class=\"gutentor-single-item gutentor-image team-template1 gutentor-single-item-0\"><div class=\"gutentor-template-wrapper\"><div class=\"gutentor-single-item-image-box\"><div class=\"gutentor-image-thumb\"><img fetchpriority=\"high\" decoding=\"async\" class=\"normal-image\" src=\"https:\/\/asfin.ase.ro\/wp-content\/uploads\/2024\/09\/Sorina-e1726598000791.jpg\" alt=\"\" height=\"1378\" width=\"1378\" \/><\/div><\/div><div class=\"gutentor-single-item-content\"><h3 class=\"gutentor-single-item-title\">Sorina Bogd\u0103nescu<\/h3><p class=\"gutentor-single-item-designation\"><strong>Vicepre\u0219edinte<\/strong><\/p><p class=\"gutentor-single-item-desc\">Sorina este alumn al Facult\u0103\u021bii de Finan\u021be, Asigur\u0103ri, B\u0103nci \u0219i Burse de Valori din cadrul Academiei de Studii Economice din Bucure\u0219ti. Implicat\u0103 activ \u00een via\u021ba studen\u021beasc\u0103, a fost reprezentant al studen\u021bilor \u00een Senatul Universitar \u0219i \u00een Consiliul Facult\u0103\u021bii, milit\u00e2nd pentru drepturile \u0219i interesele\u00a0studen\u021bilor.<\/p><\/div><\/div><\/div><\/div><div class=\"gutentor-grid-column grid-lg-4 grid-md-4 grid-12\"><div class=\"gutentor-single-item gutentor-image team-template1 gutentor-single-item-1\"><div class=\"gutentor-template-wrapper\"><div class=\"gutentor-single-item-image-box\"><div class=\"gutentor-image-thumb\"><img decoding=\"async\" class=\"normal-image\" src=\"https:\/\/asfin.ase.ro\/wp-content\/uploads\/2024\/09\/Calina-e1726597967155.jpg\" alt=\"\" height=\"552\" width=\"552\" \/><\/div><\/div><div class=\"gutentor-single-item-content\"><h3 class=\"gutentor-single-item-title\">C\u0103lina Toader<\/h3><p class=\"gutentor-single-item-designation\"><strong>Pre\u0219edinte<\/strong><\/p><p class=\"gutentor-single-item-desc\">C\u0103lina este doctorand \u00een cadrul \u0218colii Doctorale de Finan\u021be, remarc\u00e2ndu-se prin dedicare, profesionalism \u0219i o profund\u0103 compasiune \u00een toate activit\u0103\u021bile sale. Pe parcursul studiilor de licen\u021b\u0103 \u0219i masterat, a fost reprezentant al studen\u021bilor \u00een Senatul Universitar \u0219i \u00een Consiliul Facult\u0103\u021bii, demonstr\u00e2nd un angajament constant fa\u021b\u0103 de comunitatea academic\u0103. Totodat\u0103, s-a implicat activ \u00een organizarea de evenimente, conferin\u021be \u0219i workshop-uri, ghidat\u0103 de dorin\u021ba de a aduce valoare ad\u0103ugat\u0103 mediului academic \u0219i societ\u0103\u021bii. \u00cen cercetare, a participat la competi\u021bii precum CFA Research Challenge \u0219i a mentorat echipa c\u00e2\u0219tig\u0103toare a Investment School 2024, eviden\u021biind rigoare \u0219i pasiune pentru evaluarea financiar\u0103<br><br><br><br><br><\/p><\/div><\/div><\/div><\/div><div class=\"gutentor-grid-column grid-lg-4 grid-md-4 grid-12\"><div class=\"gutentor-single-item gutentor-image team-template1 gutentor-single-item-2\"><div class=\"gutentor-template-wrapper\"><div class=\"gutentor-single-item-image-box\"><div class=\"gutentor-image-thumb\"><img decoding=\"async\" class=\"normal-image\" src=\"https:\/\/asfin.ase.ro\/wp-content\/uploads\/2024\/09\/Ionela-e1726598085957.png\" alt=\"\" height=\"394\" width=\"394\" \/><\/div><\/div><div class=\"gutentor-single-item-content\"><h3 class=\"gutentor-single-item-title\">Ionela Dinu<\/h3><p class=\"gutentor-single-item-designation\"><strong>Secretar<\/strong><\/p><p class=\"gutentor-single-item-desc\">Ionela este o profesionist\u0103 dedicat\u0103, cu o preg\u0103tire academic\u0103 solid\u0103 \u00een domeniul finan\u021belor, fiind absolvent\u0103 a Facult\u0103\u021bii de Finan\u021be, Asigur\u0103ri, B\u0103nci \u0219i Burse de Valori. \u00cen prezent \u00ee\u0219i desf\u0103\u0219oar\u0103 activitatea profesional\u0103 ca \u0219i consultant fiscal la o firm\u0103 de renume, unde aplic\u0103 cuno\u0219tin\u021bele \u0219i experien\u021ba dob\u00e2ndit\u0103.<\/p><\/div><\/div><\/div><\/div><\/div><\/div><\/section>\n\n\n\n<p><\/p>\n\n\n\n<p><\/p>\n\n\n\n<p><\/p>\n\n\n\n<p><\/p>\n\n\n\n<p><\/p>\n\n\n\n<section id=\"section-g-se6ke1e\" class=\"wp-block-gutentor-team gutentor-section gutentor-team team-template1\"><div class=\"grid-container\"><div class=\"gutentor-block-header\"><div class=\"gutentor-section-title enable-title-design seperator-bottom text-center\"><h2 class=\"gutentor-title\">Coordonatori Departamente<\/h2><\/div><\/div><div class=\"grid-row gutentor-grid-item-wrap\"><div class=\"gutentor-grid-column grid-lg-4 grid-md-4 grid-12\"><div class=\"gutentor-single-item gutentor-image team-template1 gutentor-single-item-0\"><div class=\"gutentor-template-wrapper\"><div class=\"gutentor-single-item-image-box\"><div class=\"gutentor-image-thumb\"><img loading=\"lazy\" decoding=\"async\" class=\"normal-image\" src=\"https:\/\/asfin.ase.ro\/wp-content\/uploads\/2024\/09\/Alex-e1726663711585.jpg\" alt=\"\" height=\"368\" width=\"368\" \/><\/div><\/div><div class=\"gutentor-single-item-content\"><h3 class=\"gutentor-single-item-title\">Alenxadru Tar\u021ba<\/h3><p class=\"gutentor-single-item-designation\">Coordonator<\/p><p class=\"gutentor-single-item-desc\"><strong><a href=\"https:\/\/asfin.ase.ro\/?page_id=65\" data-type=\"page\" data-id=\"65\">Departamentul <\/a><\/strong><br><strong><a href=\"https:\/\/asfin.ase.ro\/?page_id=65\" data-type=\"page\" data-id=\"65\">Financiar &amp; Fundraising<\/a><\/strong><\/p><\/div><\/div><\/div><\/div><div class=\"gutentor-grid-column grid-lg-4 grid-md-4 grid-12\"><div class=\"gutentor-single-item gutentor-image team-template1 gutentor-single-item-1\"><div class=\"gutentor-template-wrapper\"><div class=\"gutentor-single-item-image-box\"><div class=\"gutentor-image-thumb\"><img loading=\"lazy\" decoding=\"async\" class=\"normal-image\" src=\"https:\/\/asfin.ase.ro\/wp-content\/uploads\/2024\/09\/Teo-scaled-e1726601303151.jpg\" alt=\"\" height=\"1548\" width=\"1548\" \/><\/div><\/div><div class=\"gutentor-single-item-content\"><h3 class=\"gutentor-single-item-title\">Teodora Papainog<\/h3><p class=\"gutentor-single-item-designation\">Coordonator<\/p><p class=\"gutentor-single-item-desc\"><a href=\"https:\/\/asfin.ase.ro\/?page_id=66\" data-type=\"page\" data-id=\"66\"><strong>Departamentul <\/strong><\/a><br><a href=\"https:\/\/asfin.ase.ro\/?page_id=66\" data-type=\"page\" data-id=\"66\"><strong>Educa\u021bional<\/strong><\/a><\/p><\/div><\/div><\/div><\/div><div class=\"gutentor-grid-column grid-lg-4 grid-md-4 grid-12\"><div class=\"gutentor-single-item gutentor-image team-template1 gutentor-single-item-2\"><div class=\"gutentor-template-wrapper\"><div class=\"gutentor-single-item-image-box\"><div class=\"gutentor-image-thumb\"><img loading=\"lazy\" decoding=\"async\" class=\"normal-image\" src=\"https:\/\/asfin.ase.ro\/wp-content\/uploads\/2024\/09\/Ana-e1726486837268.jpg\" alt=\"\" height=\"472\" width=\"478\" \/><\/div><\/div><div class=\"gutentor-single-item-content\"><h3 class=\"gutentor-single-item-title\">Ana Naum<\/h3><p class=\"gutentor-single-item-designation\">Coordonator<\/p><p class=\"gutentor-single-item-desc\"><a href=\"https:\/\/asfin.ase.ro\/?page_id=68\" data-type=\"page\" data-id=\"68\"><strong>Departamentul <\/strong><br><strong>Marketing &amp; Social Media<\/strong><\/a><\/p><\/div><\/div><\/div><\/div><\/div><\/div><\/section>\n","protected":false},"excerpt":{"rendered":"","protected":false},"author":1,"featured_media":0,"parent":0,"menu_order":0,"comment_status":"closed","ping_status":"closed","template":"","meta":{"_editorskit_title_hidden":false,"_editorskit_reading_time":0,"_editorskit_is_block_options_detached":false,"_editorskit_block_options_position":"{}","footnotes":""},"class_list":["post-33","page","type-page","status-publish","hentry"],"_links":{"self":[{"href":"https:\/\/asfin.ase.ro\/index.php?rest_route=\/wp\/v2\/pages\/33","targetHints":{"allow":["GET"]}}],"collection":[{"href":"https:\/\/asfin.ase.ro\/index.php?rest_route=\/wp\/v2\/pages"}],"about":[{"href":"https:\/\/asfin.ase.ro\/index.php?rest_route=\/wp\/v2\/types\/page"}],"author":[{"embeddable":true,"href":"https:\/\/asfin.ase.ro\/index.php?rest_route=\/wp\/v2\/users\/1"}],"replies":[{"embeddable":true,"href":"https:\/\/asfin.ase.ro\/index.php?rest_route=%2Fwp%2Fv2%2Fcomments&post=33"}],"version-history":[{"count":35,"href":"https:\/\/asfin.ase.ro\/index.php?rest_route=\/wp\/v2\/pages\/33\/revisions"}],"predecessor-version":[{"id":618,"href":"https:\/\/asfin.ase.ro\/index.php?rest_route=\/wp\/v2\/pages\/33\/revisions\/618"}],"wp:attachment":[{"href":"https:\/\/asfin.ase.ro\/index.php?rest_route=%2Fwp%2Fv2%2Fmedia&parent=33"}],"curies":[{"name":"wp","href":"https:\/\/api.w.org\/{rel}","templated":true}]}}